{"id":12837,"date":"2024-04-09T10:33:19","date_gmt":"2024-04-09T08:33:19","guid":{"rendered":"https:\/\/eoc.cat\/?page_id=12837"},"modified":"2024-04-09T10:45:51","modified_gmt":"2024-04-09T08:45:51","slug":"opina","status":"publish","type":"page","link":"https:\/\/eoc.cat\/ca\/opina\/","title":{"rendered":"Opina"},"content":{"rendered":"<p>[et_pb_section fb_built=&#8221;1&#8243; admin_label=&#8221;SECCI\u00d3 MOLLES DE PA&#8221; _builder_version=&#8221;4.7.7&#8243; _module_preset=&#8221;default&#8221; global_module=&#8221;7133&#8243; saved_tabs=&#8221;all&#8221; global_colors_info=&#8221;{}&#8221;][et_pb_row admin_label=&#8221;MOLLES DE PA&#8221; _builder_version=&#8221;4.16&#8243; _module_preset=&#8221;default&#8221; global_colors_info=&#8221;{}&#8221;][et_pb_column type=&#8221;4_4&#8243; _builder_version=&#8221;4.16&#8243; _module_preset=&#8221;default&#8221; global_colors_info=&#8221;{}&#8221;][et_pb_dmb_breadcrumbs font_icon=&#8221;%%20%%&#8221; _builder_version=&#8221;4.16&#8243; _module_preset=&#8221;default&#8221; body_text_align=&#8221;left&#8221; link_text_color=&#8221;#004b87&#8243; linkhover_text_color=&#8221;#002855&#8243; global_colors_info=&#8221;{}&#8221;][\/et_pb_dmb_breadcrumbs][\/et_pb_column][\/et_pb_row][\/et_pb_section][et_pb_section fb_built=&#8221;1&#8243; admin_label=&#8221;CABECERA TEXTO&#8221; _builder_version=&#8221;4.16&#8243; _module_preset=&#8221;default&#8221; background_color=&#8221;#004b87&#8243; global_colors_info=&#8221;{}&#8221;][et_pb_row _builder_version=&#8221;4.16&#8243; _module_preset=&#8221;default&#8221; custom_padding=&#8221;25px||25px||false|false&#8221; global_colors_info=&#8221;{}&#8221;][et_pb_column type=&#8221;4_4&#8243; _builder_version=&#8221;4.16&#8243; _module_preset=&#8221;default&#8221; global_colors_info=&#8221;{}&#8221;][et_pb_text admin_label=&#8221;H1 Opina sobre EOC&#8221; _builder_version=&#8221;4.24.3&#8243; _module_preset=&#8221;default&#8221; text_text_color=&#8221;#ffffff&#8221; header_text_align=&#8221;left&#8221; header_text_color=&#8221;#ffffff&#8221; header_line_height=&#8221;1.2em&#8221; background_layout=&#8221;dark&#8221; header_font_size_tablet=&#8221;&#8221; header_font_size_phone=&#8221;30px&#8221; header_font_size_last_edited=&#8221;on|desktop&#8221; global_colors_info=&#8221;{}&#8221;]<\/p>\n<h1>Opina sobre EOC<\/h1>\n<p>Has estudiat amb nosaltres? Ajuda&#8217;ns a continuar arribant a m\u00e9s alumnes que necessitin una formaci\u00f3 professional de qualitat. Deixa&#8217;ns la teva opini\u00f3 sobre el centre en el que has cursat la teva formaci\u00f3 i sobre el curs o formaci\u00f3 que has realitzat. Moltes gr\u00e0cies per ajudar-nos a continuar millorant!<\/p>\n<p>[\/et_pb_text][\/et_pb_column][\/et_pb_row][\/et_pb_section][et_pb_section fb_built=&#8221;1&#8243; _builder_version=&#8221;4.16&#8243; _module_preset=&#8221;default&#8221; global_colors_info=&#8221;{}&#8221;][et_pb_row column_structure=&#8221;1_2,1_2&#8243; _builder_version=&#8221;4.24.3&#8243; _module_preset=&#8221;default&#8221; custom_margin=&#8221;30px||50px||false|false&#8221; global_colors_info=&#8221;{}&#8221;][et_pb_column type=&#8221;1_2&#8243; _builder_version=&#8221;4.16&#8243; _module_preset=&#8221;default&#8221; global_colors_info=&#8221;{}&#8221;][et_pb_text admin_label=&#8221;H2 EOC L&#8217;Hospitalet&#8221; _builder_version=&#8221;4.24.3&#8243; header_2_font_size=&#8221;30px&#8221; header_2_line_height=&#8221;1.2em&#8221; module_alignment=&#8221;left&#8221; custom_margin=&#8221;||-5px|&#8221; custom_margin_tablet=&#8221;&#8221; custom_margin_phone=&#8221;&#8221; custom_margin_last_edited=&#8221;on|desktop&#8221; header_2_font_size_tablet=&#8221;&#8221; header_2_font_size_phone=&#8221;25px&#8221; header_2_font_size_last_edited=&#8221;on|phone&#8221; border_width_bottom=&#8221;5px&#8221; border_color_bottom=&#8221;#002855&#8243; border_style=&#8221;solid&#8221; global_colors_info=&#8221;{}&#8221;]<\/p>\n<h2>EOC L&#8217;Hospitalet<\/h2>\n<p>[\/et_pb_text][et_pb_text admin_label=&#8221;Centro 1 Travessia Industrial 187&#8243; _builder_version=&#8221;4.24.3&#8243; module_alignment=&#8221;left&#8221; custom_padding=&#8221;25px||||false|false&#8221; z_index_tablet=&#8221;500&#8243; text_text_shadow_horizontal_length_tablet=&#8221;0px&#8221; text_text_shadow_vertical_length_tablet=&#8221;0px&#8221; text_text_shadow_blur_strength_tablet=&#8221;1px&#8221; link_text_shadow_horizontal_length_tablet=&#8221;0px&#8221; link_text_shadow_vertical_length_tablet=&#8221;0px&#8221; link_text_shadow_blur_strength_tablet=&#8221;1px&#8221; ul_text_shadow_horizontal_length_tablet=&#8221;0px&#8221; ul_text_shadow_vertical_length_tablet=&#8221;0px&#8221; ul_text_shadow_blur_strength_tablet=&#8221;1px&#8221; ol_text_shadow_horizontal_length_tablet=&#8221;0px&#8221; ol_text_shadow_vertical_length_tablet=&#8221;0px&#8221; ol_text_shadow_blur_strength_tablet=&#8221;1px&#8221; quote_text_shadow_horizontal_length_tablet=&#8221;0px&#8221; quote_text_shadow_vertical_length_tablet=&#8221;0px&#8221; quote_text_shadow_blur_strength_tablet=&#8221;1px&#8221; header_text_shadow_horizontal_length_tablet=&#8221;0px&#8221; header_text_shadow_vertical_length_tablet=&#8221;0px&#8221; header_text_shadow_blur_strength_tablet=&#8221;1px&#8221; header_2_text_shadow_horizontal_length_tablet=&#8221;0px&#8221; header_2_text_shadow_vertical_length_tablet=&#8221;0px&#8221; header_2_text_shadow_blur_strength_tablet=&#8221;1px&#8221; header_3_text_shadow_horizontal_length_tablet=&#8221;0px&#8221; header_3_text_shadow_vertical_length_tablet=&#8221;0px&#8221; header_3_text_shadow_blur_strength_tablet=&#8221;1px&#8221; header_4_text_shadow_horizontal_length_tablet=&#8221;0px&#8221; header_4_text_shadow_vertical_length_tablet=&#8221;0px&#8221; header_4_text_shadow_blur_strength_tablet=&#8221;1px&#8221; header_5_text_shadow_horizontal_length_tablet=&#8221;0px&#8221; header_5_text_shadow_vertical_length_tablet=&#8221;0px&#8221; header_5_text_shadow_blur_strength_tablet=&#8221;1px&#8221; header_6_text_shadow_horizontal_length_tablet=&#8221;0px&#8221; header_6_text_shadow_vertical_length_tablet=&#8221;0px&#8221; header_6_text_shadow_blur_strength_tablet=&#8221;1px&#8221; box_shadow_horizontal_tablet=&#8221;0px&#8221; box_shadow_vertical_tablet=&#8221;0px&#8221; box_shadow_blur_tablet=&#8221;40px&#8221; box_shadow_spread_tablet=&#8221;0px&#8221; global_colors_info=&#8221;{}&#8221;]<\/p>\n<ul>\n<li>C\/ Travessia Industrial, 187 08907 Hospitalet de Llobregat (Barcelona).<\/li>\n<\/ul>\n<p>[\/et_pb_text][et_pb_image src=&#8221;https:\/\/eoc.cat\/wp-content\/uploads\/2024\/04\/dejar-resena.png&#8221; alt=&#8221;deixar ressenya EOC Hospitalet&#8221; title_text=&#8221;deixar ressenya EOC Hospitalet&#8221; url=&#8221;https:\/\/g.page\/r\/CYq65FYLdSbEEB0\/review&#8221; url_new_window=&#8221;on&#8221; show_bottom_space=&#8221;off&#8221; admin_label=&#8221;img: deixar ressenya EOC Hospitalet&#8221; _builder_version=&#8221;4.24.3&#8243; _module_preset=&#8221;default&#8221; custom_margin=&#8221;||30px||false|false&#8221; global_colors_info=&#8221;{}&#8221;][\/et_pb_image][et_pb_button button_url=&#8221;https:\/\/g.page\/r\/CYq65FYLdSbEEB0\/review&#8221; url_new_window=&#8221;on&#8221; button_text=&#8221;opina ahora&#8221; _builder_version=&#8221;4.24.3&#8243; _module_preset=&#8221;default&#8221; global_colors_info=&#8221;{}&#8221;][\/et_pb_button][\/et_pb_column][et_pb_column type=&#8221;1_2&#8243; _builder_version=&#8221;4.16&#8243; _module_preset=&#8221;default&#8221; global_colors_info=&#8221;{}&#8221;][et_pb_text admin_label=&#8221;H2 EOC Barcelona&#8221; _builder_version=&#8221;4.24.3&#8243; header_2_font_size=&#8221;30px&#8221; header_2_line_height=&#8221;1.2em&#8221; module_alignment=&#8221;left&#8221; custom_margin=&#8221;||-5px|&#8221; custom_margin_tablet=&#8221;&#8221; custom_margin_phone=&#8221;&#8221; custom_margin_last_edited=&#8221;on|desktop&#8221; header_2_font_size_tablet=&#8221;&#8221; header_2_font_size_phone=&#8221;25px&#8221; header_2_font_size_last_edited=&#8221;on|phone&#8221; border_width_bottom=&#8221;5px&#8221; border_color_bottom=&#8221;#002855&#8243; border_style=&#8221;solid&#8221; global_colors_info=&#8221;{}&#8221;]<\/p>\n<h2>EOC Barcelona<\/h2>\n<p>[\/et_pb_text][et_pb_text admin_label=&#8221;Centro 3 Barcelona&#8221; _builder_version=&#8221;4.24.3&#8243; module_alignment=&#8221;left&#8221; custom_padding=&#8221;25px||||false|false&#8221; z_index_tablet=&#8221;500&#8243; text_text_shadow_horizontal_length_tablet=&#8221;0px&#8221; text_text_shadow_vertical_length_tablet=&#8221;0px&#8221; text_text_shadow_blur_strength_tablet=&#8221;1px&#8221; link_text_shadow_horizontal_length_tablet=&#8221;0px&#8221; link_text_shadow_vertical_length_tablet=&#8221;0px&#8221; link_text_shadow_blur_strength_tablet=&#8221;1px&#8221; ul_text_shadow_horizontal_length_tablet=&#8221;0px&#8221; ul_text_shadow_vertical_length_tablet=&#8221;0px&#8221; ul_text_shadow_blur_strength_tablet=&#8221;1px&#8221; ol_text_shadow_horizontal_length_tablet=&#8221;0px&#8221; ol_text_shadow_vertical_length_tablet=&#8221;0px&#8221; ol_text_shadow_blur_strength_tablet=&#8221;1px&#8221; quote_text_shadow_horizontal_length_tablet=&#8221;0px&#8221; quote_text_shadow_vertical_length_tablet=&#8221;0px&#8221; quote_text_shadow_blur_strength_tablet=&#8221;1px&#8221; header_text_shadow_horizontal_length_tablet=&#8221;0px&#8221; header_text_shadow_vertical_length_tablet=&#8221;0px&#8221; header_text_shadow_blur_strength_tablet=&#8221;1px&#8221; header_2_text_shadow_horizontal_length_tablet=&#8221;0px&#8221; header_2_text_shadow_vertical_length_tablet=&#8221;0px&#8221; header_2_text_shadow_blur_strength_tablet=&#8221;1px&#8221; header_3_text_shadow_horizontal_length_tablet=&#8221;0px&#8221; header_3_text_shadow_vertical_length_tablet=&#8221;0px&#8221; header_3_text_shadow_blur_strength_tablet=&#8221;1px&#8221; header_4_text_shadow_horizontal_length_tablet=&#8221;0px&#8221; header_4_text_shadow_vertical_length_tablet=&#8221;0px&#8221; header_4_text_shadow_blur_strength_tablet=&#8221;1px&#8221; header_5_text_shadow_horizontal_length_tablet=&#8221;0px&#8221; header_5_text_shadow_vertical_length_tablet=&#8221;0px&#8221; header_5_text_shadow_blur_strength_tablet=&#8221;1px&#8221; header_6_text_shadow_horizontal_length_tablet=&#8221;0px&#8221; header_6_text_shadow_vertical_length_tablet=&#8221;0px&#8221; header_6_text_shadow_blur_strength_tablet=&#8221;1px&#8221; box_shadow_horizontal_tablet=&#8221;0px&#8221; box_shadow_vertical_tablet=&#8221;0px&#8221; box_shadow_blur_tablet=&#8221;40px&#8221; box_shadow_spread_tablet=&#8221;0px&#8221; global_colors_info=&#8221;{}&#8221;]<\/p>\n<ul>\n<li>C\/ Consell de Cent, 384 08009 Barcelona<\/li>\n<\/ul>\n<p>[\/et_pb_text][et_pb_image src=&#8221;https:\/\/eoc.cat\/wp-content\/uploads\/2024\/04\/dejar-resena.png&#8221; alt=&#8221;deixar ressenya EOC Barcelona&#8221; title_text=&#8221;deixar ressenya EOC Barcelona&#8221; url=&#8221;https:\/\/g.page\/r\/Cejk63hGd3H5EB0\/review&#8221; show_bottom_space=&#8221;off&#8221; admin_label=&#8221;img: deixar ressenya EOC Barcelona&#8221; _builder_version=&#8221;4.24.3&#8243; _module_preset=&#8221;default&#8221; custom_margin=&#8221;||30px||false|false&#8221; global_colors_info=&#8221;{}&#8221;][\/et_pb_image][et_pb_button button_url=&#8221;https:\/\/g.page\/r\/Cejk63hGd3H5EB0\/review&#8221; url_new_window=&#8221;on&#8221; button_text=&#8221;opina ahora&#8221; _builder_version=&#8221;4.24.3&#8243; _module_preset=&#8221;default&#8221; global_colors_info=&#8221;{}&#8221;][\/et_pb_button][\/et_pb_column][\/et_pb_row][\/et_pb_section][et_pb_section fb_built=&#8221;1&#8243; admin_label=&#8221;ESLOGAN CA&#8221; _builder_version=&#8221;4.7.7&#8243; _module_preset=&#8221;default&#8221; background_color=&#8221;#004b87&#8243; global_module=&#8221;7162&#8243; saved_tabs=&#8221;all&#8221; global_colors_info=&#8221;{}&#8221;][et_pb_row _builder_version=&#8221;4.16&#8243; _module_preset=&#8221;default&#8221; global_colors_info=&#8221;{}&#8221;][et_pb_column type=&#8221;4_4&#8243; _builder_version=&#8221;4.16&#8243; _module_preset=&#8221;default&#8221; global_colors_info=&#8221;{}&#8221;][et_pb_text admin_label=&#8221;text&#8221; _builder_version=&#8221;4.16&#8243; _module_preset=&#8221;default&#8221; text_text_color=&#8221;#ffffff&#8221; text_font_size=&#8221;35px&#8221; text_line_height=&#8221;1.2em&#8221; text_orientation=&#8221;center&#8221; background_layout=&#8221;dark&#8221; custom_padding=&#8221;35px||35px||true|false&#8221; text_font_size_tablet=&#8221;&#8221; text_font_size_phone=&#8221;30px&#8221; text_font_size_last_edited=&#8221;on|phone&#8221; global_colors_info=&#8221;{}&#8221;]<\/p>\n<p>El nostre present,<br \/><strong>formar el teu futur<\/strong><\/p>\n<p>[\/et_pb_text][\/et_pb_column][\/et_pb_row][\/et_pb_section]<\/p>\n","protected":false},"excerpt":{"rendered":"<p>Opina sobre EOC Has estudiat amb nosaltres? Ajuda&#8217;ns a continuar arribant a m\u00e9s alumnes que necessitin una formaci\u00f3 professional de qualitat. Deixa&#8217;ns la teva opini\u00f3 sobre el centre en el que has cursat la teva formaci\u00f3 i sobre el curs o formaci\u00f3 que has realitzat. Moltes gr\u00e0cies per ajudar-nos a continuar millorant!EOC L&#8217;Hospitalet C\/ Travessia Industrial, 187 08907 Hospitalet de Llobregat (Barcelona). EOC Barcelona C\/ Consell de Cent, 384 08009 Barcelona El nostre present,formar el teu futur<\/p>\n","protected":false},"author":6,"featured_media":12870,"parent":0,"menu_order":0,"comment_status":"closed","ping_status":"closed","template":"","meta":{"_et_pb_use_builder":"on","_et_pb_old_content":"","_et_gb_content_width":"","footnotes":""},"class_list":["post-12837","page","type-page","status-publish","has-post-thumbnail","hentry"],"yoast_head":"<!-- This site is optimized with the Yoast SEO plugin v27.2 - https:\/\/yoast.com\/product\/yoast-seo-wordpress\/ -->\n<title>Opina sobre Escola d&#039;Oficis Catalunya Barcelona i Hospitalet<\/title>\n<meta name=\"description\" content=\"Acc\u00e9s per a opinar en Google sobre Escola d&#039;Oficis Catalunya Barcelona i Hospitalet. Opina despr\u00e9s de realitzar les nostres formacions.\" \/>\n<meta name=\"robots\" content=\"index, follow, max-snippet:-1, max-image-preview:large, max-video-preview:-1\" \/>\n<link rel=\"canonical\" href=\"https:\/\/eoc.cat\/ca\/opina\/\" \/>\n<meta property=\"og:locale\" content=\"ca_ES\" \/>\n<meta property=\"og:type\" content=\"article\" \/>\n<meta property=\"og:title\" content=\"Opina sobre Escola d&#039;Oficis Catalunya Barcelona i Hospitalet\" \/>\n<meta property=\"og:description\" content=\"Acc\u00e9s per a opinar en Google sobre Escola d&#039;Oficis Catalunya Barcelona i Hospitalet. Opina despr\u00e9s de realitzar les nostres formacions.\" \/>\n<meta property=\"og:url\" content=\"https:\/\/eoc.cat\/ca\/opina\/\" \/>\n<meta property=\"og:site_name\" content=\"Escola d&#039;Oficis Catalunya\" \/>\n<meta property=\"article:publisher\" content=\"https:\/\/www.facebook.com\/EscoladOficisCatalunya\" \/>\n<meta property=\"article:modified_time\" content=\"2024-04-09T08:45:51+00:00\" \/>\n<meta property=\"og:image\" content=\"https:\/\/eoc.cat\/wp-content\/uploads\/2024\/04\/d-opina-ca.jpg\" \/>\n\t<meta property=\"og:image:width\" content=\"1200\" \/>\n\t<meta property=\"og:image:height\" content=\"628\" \/>\n\t<meta property=\"og:image:type\" content=\"image\/jpeg\" \/>\n<meta name=\"twitter:card\" content=\"summary_large_image\" \/>\n<meta name=\"twitter:title\" content=\"Opina sobre Escola d&#039;Oficis Catalunya Barcelona i Hospitalet\" \/>\n<meta name=\"twitter:description\" content=\"Acc\u00e9s per a opinar en Google sobre Escola d&#039;Oficis Catalunya Barcelona i Hospitalet. Opina despr\u00e9s de realitzar les nostres formacions.\" \/>\n<meta name=\"twitter:image\" content=\"https:\/\/eoc.cat\/wp-content\/uploads\/2024\/04\/d-opina-ca.jpg\" \/>\n<meta name=\"twitter:site\" content=\"@escoficat\" \/>\n<script type=\"application\/ld+json\" class=\"yoast-schema-graph\">{\"@context\":\"https:\/\/schema.org\",\"@graph\":[{\"@type\":\"WebPage\",\"@id\":\"https:\/\/eoc.cat\/ca\/opina\/\",\"url\":\"https:\/\/eoc.cat\/ca\/opina\/\",\"name\":\"Opina sobre Escola d'Oficis Catalunya Barcelona i Hospitalet\",\"isPartOf\":{\"@id\":\"https:\/\/eoc.cat\/#website\"},\"primaryImageOfPage\":{\"@id\":\"https:\/\/eoc.cat\/ca\/opina\/#primaryimage\"},\"image\":{\"@id\":\"https:\/\/eoc.cat\/ca\/opina\/#primaryimage\"},\"thumbnailUrl\":\"https:\/\/eoc.cat\/wp-content\/uploads\/2024\/04\/d-opina-ca.jpg\",\"datePublished\":\"2024-04-09T08:33:19+00:00\",\"dateModified\":\"2024-04-09T08:45:51+00:00\",\"description\":\"Acc\u00e9s per a opinar en Google sobre Escola d'Oficis Catalunya Barcelona i Hospitalet. Opina despr\u00e9s de realitzar les nostres formacions.\",\"breadcrumb\":{\"@id\":\"https:\/\/eoc.cat\/ca\/opina\/#breadcrumb\"},\"inLanguage\":\"ca\",\"potentialAction\":[{\"@type\":\"ReadAction\",\"target\":[\"https:\/\/eoc.cat\/ca\/opina\/\"]}]},{\"@type\":\"ImageObject\",\"inLanguage\":\"ca\",\"@id\":\"https:\/\/eoc.cat\/ca\/opina\/#primaryimage\",\"url\":\"https:\/\/eoc.cat\/wp-content\/uploads\/2024\/04\/d-opina-ca.jpg\",\"contentUrl\":\"https:\/\/eoc.cat\/wp-content\/uploads\/2024\/04\/d-opina-ca.jpg\",\"width\":1200,\"height\":628,\"caption\":\"opina EOC ca\"},{\"@type\":\"BreadcrumbList\",\"@id\":\"https:\/\/eoc.cat\/ca\/opina\/#breadcrumb\",\"itemListElement\":[{\"@type\":\"ListItem\",\"position\":1,\"name\":\"Portada\",\"item\":\"https:\/\/eoc.cat\/ca\/\"},{\"@type\":\"ListItem\",\"position\":2,\"name\":\"Opina\"}]},{\"@type\":\"WebSite\",\"@id\":\"https:\/\/eoc.cat\/#website\",\"url\":\"https:\/\/eoc.cat\/\",\"name\":\"Escola d'Oficis Catalunya\",\"description\":\"Escuela de formaci\u00f3n profesional para adultos y j\u00f3venes\",\"publisher\":{\"@id\":\"https:\/\/eoc.cat\/#organization\"},\"alternateName\":\"EOC\",\"potentialAction\":[{\"@type\":\"SearchAction\",\"target\":{\"@type\":\"EntryPoint\",\"urlTemplate\":\"https:\/\/eoc.cat\/?s={search_term_string}\"},\"query-input\":{\"@type\":\"PropertyValueSpecification\",\"valueRequired\":true,\"valueName\":\"search_term_string\"}}],\"inLanguage\":\"ca\"},{\"@type\":\"Organization\",\"@id\":\"https:\/\/eoc.cat\/#organization\",\"name\":\"Escola d'Oficis Catalunya\",\"alternateName\":\"EOC\",\"url\":\"https:\/\/eoc.cat\/\",\"logo\":{\"@type\":\"ImageObject\",\"inLanguage\":\"ca\",\"@id\":\"https:\/\/eoc.cat\/#\/schema\/logo\/image\/\",\"url\":\"https:\/\/eoc.cat\/wp-content\/uploads\/2020\/12\/eoc-logotipo.png\",\"contentUrl\":\"https:\/\/eoc.cat\/wp-content\/uploads\/2020\/12\/eoc-logotipo.png\",\"width\":274,\"height\":118,\"caption\":\"Escola d'Oficis Catalunya\"},\"image\":{\"@id\":\"https:\/\/eoc.cat\/#\/schema\/logo\/image\/\"},\"sameAs\":[\"https:\/\/www.facebook.com\/EscoladOficisCatalunya\",\"https:\/\/x.com\/escoficat\",\"https:\/\/www.instagram.com\/escoladoficiscatalunya\/\",\"https:\/\/www.linkedin.com\/school\/escoladoficiscatalunya\/\",\"https:\/\/www.youtube.com\/channel\/UC_HLShkY7t1pf1CrXPw-gRQ\"]}]}<\/script>\n<!-- \/ Yoast SEO plugin. -->","yoast_head_json":{"title":"Opina sobre Escola d'Oficis Catalunya Barcelona i Hospitalet","description":"Acc\u00e9s per a opinar en Google sobre Escola d'Oficis Catalunya Barcelona i Hospitalet. Opina despr\u00e9s de realitzar les nostres formacions.","robots":{"index":"index","follow":"follow","max-snippet":"max-snippet:-1","max-image-preview":"max-image-preview:large","max-video-preview":"max-video-preview:-1"},"canonical":"https:\/\/eoc.cat\/ca\/opina\/","og_locale":"ca_ES","og_type":"article","og_title":"Opina sobre Escola d'Oficis Catalunya Barcelona i Hospitalet","og_description":"Acc\u00e9s per a opinar en Google sobre Escola d'Oficis Catalunya Barcelona i Hospitalet. Opina despr\u00e9s de realitzar les nostres formacions.","og_url":"https:\/\/eoc.cat\/ca\/opina\/","og_site_name":"Escola d&#039;Oficis Catalunya","article_publisher":"https:\/\/www.facebook.com\/EscoladOficisCatalunya","article_modified_time":"2024-04-09T08:45:51+00:00","og_image":[{"width":1200,"height":628,"url":"https:\/\/eoc.cat\/wp-content\/uploads\/2024\/04\/d-opina-ca.jpg","type":"image\/jpeg"}],"twitter_card":"summary_large_image","twitter_title":"Opina sobre Escola d'Oficis Catalunya Barcelona i Hospitalet","twitter_description":"Acc\u00e9s per a opinar en Google sobre Escola d'Oficis Catalunya Barcelona i Hospitalet. Opina despr\u00e9s de realitzar les nostres formacions.","twitter_image":"https:\/\/eoc.cat\/wp-content\/uploads\/2024\/04\/d-opina-ca.jpg","twitter_site":"@escoficat","schema":{"@context":"https:\/\/schema.org","@graph":[{"@type":"WebPage","@id":"https:\/\/eoc.cat\/ca\/opina\/","url":"https:\/\/eoc.cat\/ca\/opina\/","name":"Opina sobre Escola d'Oficis Catalunya Barcelona i Hospitalet","isPartOf":{"@id":"https:\/\/eoc.cat\/#website"},"primaryImageOfPage":{"@id":"https:\/\/eoc.cat\/ca\/opina\/#primaryimage"},"image":{"@id":"https:\/\/eoc.cat\/ca\/opina\/#primaryimage"},"thumbnailUrl":"https:\/\/eoc.cat\/wp-content\/uploads\/2024\/04\/d-opina-ca.jpg","datePublished":"2024-04-09T08:33:19+00:00","dateModified":"2024-04-09T08:45:51+00:00","description":"Acc\u00e9s per a opinar en Google sobre Escola d'Oficis Catalunya Barcelona i Hospitalet. Opina despr\u00e9s de realitzar les nostres formacions.","breadcrumb":{"@id":"https:\/\/eoc.cat\/ca\/opina\/#breadcrumb"},"inLanguage":"ca","potentialAction":[{"@type":"ReadAction","target":["https:\/\/eoc.cat\/ca\/opina\/"]}]},{"@type":"ImageObject","inLanguage":"ca","@id":"https:\/\/eoc.cat\/ca\/opina\/#primaryimage","url":"https:\/\/eoc.cat\/wp-content\/uploads\/2024\/04\/d-opina-ca.jpg","contentUrl":"https:\/\/eoc.cat\/wp-content\/uploads\/2024\/04\/d-opina-ca.jpg","width":1200,"height":628,"caption":"opina EOC ca"},{"@type":"BreadcrumbList","@id":"https:\/\/eoc.cat\/ca\/opina\/#breadcrumb","itemListElement":[{"@type":"ListItem","position":1,"name":"Portada","item":"https:\/\/eoc.cat\/ca\/"},{"@type":"ListItem","position":2,"name":"Opina"}]},{"@type":"WebSite","@id":"https:\/\/eoc.cat\/#website","url":"https:\/\/eoc.cat\/","name":"Escola d'Oficis Catalunya","description":"Escuela de formaci\u00f3n profesional para adultos y j\u00f3venes","publisher":{"@id":"https:\/\/eoc.cat\/#organization"},"alternateName":"EOC","potentialAction":[{"@type":"SearchAction","target":{"@type":"EntryPoint","urlTemplate":"https:\/\/eoc.cat\/?s={search_term_string}"},"query-input":{"@type":"PropertyValueSpecification","valueRequired":true,"valueName":"search_term_string"}}],"inLanguage":"ca"},{"@type":"Organization","@id":"https:\/\/eoc.cat\/#organization","name":"Escola d'Oficis Catalunya","alternateName":"EOC","url":"https:\/\/eoc.cat\/","logo":{"@type":"ImageObject","inLanguage":"ca","@id":"https:\/\/eoc.cat\/#\/schema\/logo\/image\/","url":"https:\/\/eoc.cat\/wp-content\/uploads\/2020\/12\/eoc-logotipo.png","contentUrl":"https:\/\/eoc.cat\/wp-content\/uploads\/2020\/12\/eoc-logotipo.png","width":274,"height":118,"caption":"Escola d'Oficis Catalunya"},"image":{"@id":"https:\/\/eoc.cat\/#\/schema\/logo\/image\/"},"sameAs":["https:\/\/www.facebook.com\/EscoladOficisCatalunya","https:\/\/x.com\/escoficat","https:\/\/www.instagram.com\/escoladoficiscatalunya\/","https:\/\/www.linkedin.com\/school\/escoladoficiscatalunya\/","https:\/\/www.youtube.com\/channel\/UC_HLShkY7t1pf1CrXPw-gRQ"]}]}},"_links":{"self":[{"href":"https:\/\/eoc.cat\/ca\/wp-json\/wp\/v2\/pages\/12837","targetHints":{"allow":["GET"]}}],"collection":[{"href":"https:\/\/eoc.cat\/ca\/wp-json\/wp\/v2\/pages"}],"about":[{"href":"https:\/\/eoc.cat\/ca\/wp-json\/wp\/v2\/types\/page"}],"author":[{"embeddable":true,"href":"https:\/\/eoc.cat\/ca\/wp-json\/wp\/v2\/users\/6"}],"replies":[{"embeddable":true,"href":"https:\/\/eoc.cat\/ca\/wp-json\/wp\/v2\/comments?post=12837"}],"version-history":[{"count":8,"href":"https:\/\/eoc.cat\/ca\/wp-json\/wp\/v2\/pages\/12837\/revisions"}],"predecessor-version":[{"id":12878,"href":"https:\/\/eoc.cat\/ca\/wp-json\/wp\/v2\/pages\/12837\/revisions\/12878"}],"wp:featuredmedia":[{"embeddable":true,"href":"https:\/\/eoc.cat\/ca\/wp-json\/wp\/v2\/media\/12870"}],"wp:attachment":[{"href":"https:\/\/eoc.cat\/ca\/wp-json\/wp\/v2\/media?parent=12837"}],"curies":[{"name":"wp","href":"https:\/\/api.w.org\/{rel}","templated":true}]}}