{"id":6446,"date":"2019-07-11T15:16:05","date_gmt":"2019-07-11T13:16:05","guid":{"rendered":"https:\/\/eoc.cat\/?page_id=6446"},"modified":"2024-09-17T10:09:04","modified_gmt":"2024-09-17T08:09:04","slug":"treballar-a-eoc","status":"publish","type":"page","link":"https:\/\/eoc.cat\/ca\/treballar-a-eoc\/","title":{"rendered":"Treballar a EOC"},"content":{"rendered":"<p>[et_pb_section fb_built=&#8221;1&#8243; admin_label=&#8221;SECCI\u00d3 MOLLES DE PA&#8221; _builder_version=&#8221;4.7.7&#8243; _module_preset=&#8221;default&#8221; global_module=&#8221;7133&#8243; saved_tabs=&#8221;all&#8221; global_colors_info=&#8221;{}&#8221;][et_pb_row admin_label=&#8221;MOLLES DE PA&#8221; _builder_version=&#8221;4.16&#8243; _module_preset=&#8221;default&#8221; global_colors_info=&#8221;{}&#8221;][et_pb_column type=&#8221;4_4&#8243; _builder_version=&#8221;4.16&#8243; _module_preset=&#8221;default&#8221; global_colors_info=&#8221;{}&#8221;][et_pb_dmb_breadcrumbs font_icon=&#8221;%%20%%&#8221; _builder_version=&#8221;4.16&#8243; _module_preset=&#8221;default&#8221; body_text_align=&#8221;left&#8221; link_text_color=&#8221;#004b87&#8243; linkhover_text_color=&#8221;#002855&#8243; global_colors_info=&#8221;{}&#8221;][\/et_pb_dmb_breadcrumbs][\/et_pb_column][\/et_pb_row][\/et_pb_section][et_pb_section fb_built=&#8221;1&#8243; admin_label=&#8221;CAP\u00c7ALERA TEXT CA&#8221; _builder_version=&#8221;4.16&#8243; _module_preset=&#8221;default&#8221; background_color=&#8221;#004b87&#8243; global_colors_info=&#8221;{}&#8221;][et_pb_row _builder_version=&#8221;4.16&#8243; _module_preset=&#8221;default&#8221; custom_padding=&#8221;25px||25px||false|false&#8221; global_colors_info=&#8221;{}&#8221;][et_pb_column type=&#8221;4_4&#8243; _builder_version=&#8221;4.16&#8243; _module_preset=&#8221;default&#8221; global_colors_info=&#8221;{}&#8221;][et_pb_text admin_label=&#8221;H1 ESCOLA&#8221; _builder_version=&#8221;4.27.0&#8243; _module_preset=&#8221;default&#8221; text_text_color=&#8221;#ffffff&#8221; header_text_align=&#8221;left&#8221; header_text_color=&#8221;#ffffff&#8221; header_line_height=&#8221;1.2em&#8221; background_layout=&#8221;dark&#8221; hover_enabled=&#8221;0&#8243; header_font_size_tablet=&#8221;&#8221; header_font_size_phone=&#8221;30px&#8221; header_font_size_last_edited=&#8221;on|desktop&#8221; global_colors_info=&#8221;{}&#8221; sticky_enabled=&#8221;0&#8243;]<\/p>\n<h1>Vols treballar a EOC?<\/h1>\n<p>Si vols formar part de l&#8217;equip d&#8217;Escola d\u2019Oficis Catalunya envia&#8217;ns el teu CV actualitzat. Per fer-ho, i segons marca la llei, haur\u00e0s d&#8217;acceptar les nostres pol\u00edtiques de protecci\u00f3 de dades personals. Si hi hagu\u00e9s alguna vacant apta per al teu perfil, t&#8217;informarem el m\u00e9s aviat possible. En cas contrari, ho guardarem per a futurs processos de selecci\u00f3.<\/p>\n<p>Tingues en compte que rebem curr\u00edculums di\u00e0riament, per la qual cosa desgraciadament no tenim temps suficient per a respondre a tots. Si necessitem un perfil com el teu, et contactarem. Gr\u00e0cies!<\/p>\n<p>[\/et_pb_text][\/et_pb_column][\/et_pb_row][\/et_pb_section][et_pb_section fb_built=&#8221;1&#8243; _builder_version=&#8221;4.16&#8243; _module_preset=&#8221;default&#8221; global_colors_info=&#8221;{}&#8221;][et_pb_row _builder_version=&#8221;4.16&#8243; _module_preset=&#8221;default&#8221; global_colors_info=&#8221;{}&#8221;][et_pb_column type=&#8221;4_4&#8243; _builder_version=&#8221;4.16&#8243; _module_preset=&#8221;default&#8221; global_colors_info=&#8221;{}&#8221;][et_pb_text _builder_version=&#8221;4.27.0&#8243; _module_preset=&#8221;default&#8221; global_colors_info=&#8221;{}&#8221;]<\/p>\n<p>Envia el teu curr\u00edculum a <a href=\"mailto:rrhh@escoficat.com\"><strong>rrhh@escoficat.com<\/strong><\/a> adjuntant la informaci\u00f3 que desitgis i copiant i pegant en el cos de l&#8217;e-mail el seg\u00fcent text donant-nos a entendre que acceptes les nostres <a href=\"https:\/\/eoc.cat\/ca\/politica-privacitat\/\">pol\u00edtiques de privacitat<\/a>.<\/p>\n<p><strong><span style=\"color: #ff0000;\">NO OBLIDIS COPIAR AQUEST TEXT EN EL COS DEL TEU E-MAIL:\u200b<\/span><\/strong><\/p>\n<p>[\/et_pb_text][et_pb_text _builder_version=&#8221;4.27.0&#8243; _module_preset=&#8221;default&#8221; custom_padding=&#8221;25px|25px|25px|25px|true|true&#8221; border_width_all=&#8221;2px&#8221; border_color_all=&#8221;#004B87&#8243; global_colors_info=&#8221;{}&#8221;]<\/p>\n<p><strong>He llegit i accepto la Pol\u00edtica de Privacitat.<\/strong> La comunicaci\u00f3 enviada quedar\u00e0 incorporada a un fitxer del que \u00e9s responsable <strong>ESCOLA D&#8217;OFICIS CATALUNYA S.L.<\/strong> Aquesta comunicaci\u00f3 es far\u00e0 servir exclusivament per tractar les seves dades per atendre la seva sol\u00b7licitud, sempre de conformitat amb el Reglament (UE) 2016\/679 de 27 d&#8217;abril de 2016 (RGPD), la Llei Org\u00e0nica 3\/2018 de 5 de desembre (LOPDGDD) y la resta de normativa legal vigent en mat\u00e8ria de protecci\u00f3 de dades personals. Les seves dades no es comunicaran a tercers, excepte per obligaci\u00f3 legal, i es mantindran mentre no sol\u00b7liciti la seva cancel\u00b7laci\u00f3. En qualsevol moment vost\u00e8 podr\u00e0 exercir els drets d&#8217;acc\u00e9s, rectificaci\u00f3, portabilitat i oposici\u00f3, i, si s&#8217;escau, la limitaci\u00f3 i cancel\u00b7laci\u00f3, mitjan\u00e7ant l&#8217;enviament d&#8217;un correu electr\u00f2nic a rgpg@escoficat.com.<\/p>\n<p>[\/et_pb_text][et_pb_code disabled_on=&#8221;on|on|on&#8221; admin_label=&#8221;Contact form Formulario CV&#8221; _builder_version=&#8221;4.27.0&#8243; z_index_tablet=&#8221;500&#8243; disabled=&#8221;on&#8221; global_colors_info=&#8221;{}&#8221;][contact-form-7 id=&#8221;6453&#8243; title=&#8221;Formulari CV CA&#8221;][\/et_pb_code][et_pb_text disabled_on=&#8221;on|on|on&#8221; admin_label=&#8221;TEXT LEGAL CA&#8221; _builder_version=&#8221;4.27.0&#8243; text_font=&#8221;||||||||&#8221; text_font_size=&#8221;11px&#8221; text_line_height=&#8221;1.2em&#8221; module_alignment=&#8221;left&#8221; disabled=&#8221;on&#8221; saved_tabs=&#8221;all&#8221; global_colors_info=&#8221;{}&#8221;]<\/p>\n<p><span style=\"line-height: 1em; font-size: 12px;\">La comunicaci\u00f3 enviada quedar\u00e0 incorporada a un fitxer del que \u00e9s responsable\u00a0<strong>ESCOLA D&#8217;OFICIS CATALUNYA S.L.<\/strong>\u00a0Aquesta comunicaci\u00f3 es far\u00e0 servir exclusivament per tractar les seves dades per atendre la seva sol\u00b7licitud, sempre de conformitat amb el Reglament (UE) 2016\/679 de 27 d&#8217;abril de 2016 (RGPD), la Llei Org\u00e0nica 3\/2018 de 5 de desembre (LOPDGDD) y la resta de normativa legal vigent en mat\u00e8ria de protecci\u00f3 de dades personals. Les seves dades no es comunicaran a tercers, excepte per obligaci\u00f3 legal, i es mantindran mentre no sol\u00b7liciti la seva cancel\u00b7laci\u00f3. En qualsevol moment vost\u00e8 podr\u00e0 exercir els drets d&#8217;acc\u00e9s, rectificaci\u00f3, portabilitat i oposici\u00f3, i, si s&#8217;escau, la limitaci\u00f3 i cancel\u00b7laci\u00f3, mitjan\u00e7ant l&#8217;enviament d&#8217;un correu electr\u00f2nic a rgpg@escoficat.com.<\/span><\/p>\n<p>[\/et_pb_text][\/et_pb_column][\/et_pb_row][\/et_pb_section]<\/p>\n","protected":false},"excerpt":{"rendered":"<p>Vols treballar a EOC? Si vols formar part de l&#8217;equip d&#8217;Escola d\u2019Oficis Catalunya envia&#8217;ns el teu CV actualitzat. Per fer-ho, i segons marca la llei, haur\u00e0s d&#8217;acceptar les nostres pol\u00edtiques de protecci\u00f3 de dades personals. Si hi hagu\u00e9s alguna vacant apta per al teu perfil, t&#8217;informarem el m\u00e9s aviat possible. En cas contrari, ho guardarem per a futurs processos de selecci\u00f3. Tingues en compte que rebem curr\u00edculums di\u00e0riament, per la qual cosa desgraciadament no tenim temps suficient per a respondre a tots. Si necessitem un perfil com el teu, et contactarem. Gr\u00e0cies!Envia el teu curr\u00edculum a rrhh@escoficat.com adjuntant la informaci\u00f3 que desitgis i copiant i pegant en el cos de l&#8217;e-mail el seg\u00fcent text donant-nos a entendre que acceptes les nostres pol\u00edtiques de privacitat. NO OBLIDIS COPIAR AQUEST TEXT EN EL COS DEL TEU E-MAIL:\u200bHe llegit i accepto la Pol\u00edtica de Privacitat. La comunicaci\u00f3 enviada quedar\u00e0 incorporada a un fitxer del que \u00e9s responsable ESCOLA D&#8217;OFICIS CATALUNYA S.L. Aquesta comunicaci\u00f3 es far\u00e0 servir exclusivament per tractar les seves dades per atendre la seva sol\u00b7licitud, sempre de conformitat amb el Reglament (UE) 2016\/679 de 27 d&#8217;abril de 2016 (RGPD), la Llei Org\u00e0nica 3\/2018 de 5 de desembre (LOPDGDD) y la resta [&hellip;]<\/p>\n","protected":false},"author":6,"featured_media":0,"parent":0,"menu_order":0,"comment_status":"closed","ping_status":"closed","template":"","meta":{"_et_pb_use_builder":"on","_et_pb_old_content":"","_et_gb_content_width":"","footnotes":""},"class_list":["post-6446","page","type-page","status-publish","hentry"],"yoast_head":"<!-- This site is optimized with the Yoast SEO plugin v27.6 - https:\/\/yoast.com\/product\/yoast-seo-wordpress\/ -->\n<title>Envia el teu cv per a treballar a EOC | Escola d&#039;Oficis Catalunya<\/title>\n<meta name=\"description\" content=\"Envia el teu curr\u00edculum per a treballar a EOC Barcelona i Hospitalet. T&#039;avisarem si hi hagu\u00e9s una vacant per al teu perfil.\" \/>\n<meta name=\"robots\" content=\"index, follow, max-snippet:-1, max-image-preview:large, max-video-preview:-1\" \/>\n<link rel=\"canonical\" href=\"https:\/\/eoc.cat\/ca\/treballar-a-eoc\/\" \/>\n<meta property=\"og:locale\" content=\"ca_ES\" \/>\n<meta property=\"og:type\" content=\"article\" \/>\n<meta property=\"og:title\" content=\"Envia el teu cv per a treballar a EOC | Escola d&#039;Oficis Catalunya\" \/>\n<meta property=\"og:description\" content=\"Envia el teu curr\u00edculum per a treballar a EOC Barcelona i Hospitalet. T&#039;avisarem si hi hagu\u00e9s una vacant per al teu perfil.\" \/>\n<meta property=\"og:url\" content=\"https:\/\/eoc.cat\/ca\/treballar-a-eoc\/\" \/>\n<meta property=\"og:site_name\" content=\"Escola d&#039;Oficis Catalunya\" \/>\n<meta property=\"article:publisher\" content=\"https:\/\/www.facebook.com\/EscoladOficisCatalunya\" \/>\n<meta property=\"article:modified_time\" content=\"2024-09-17T08:09:04+00:00\" \/>\n<meta property=\"og:image\" content=\"https:\/\/eoc.cat\/wp-content\/uploads\/2020\/12\/escuela-fp.jpg\" \/>\n\t<meta property=\"og:image:width\" content=\"1200\" \/>\n\t<meta property=\"og:image:height\" content=\"628\" \/>\n\t<meta property=\"og:image:type\" content=\"image\/jpeg\" \/>\n<meta name=\"twitter:card\" content=\"summary_large_image\" \/>\n<meta name=\"twitter:title\" content=\"Envia el teu cv per a treballar a EOC | Escola d&#039;Oficis Catalunya\" \/>\n<meta name=\"twitter:description\" content=\"Envia el teu curr\u00edculum per a treballar a EOC Barcelona i Hospitalet. T&#039;avisarem si hi hagu\u00e9s una vacant per al teu perfil.\" \/>\n<meta name=\"twitter:site\" content=\"@escoficat\" \/>\n<script type=\"application\/ld+json\" class=\"yoast-schema-graph\">{\"@context\":\"https:\\\/\\\/schema.org\",\"@graph\":[{\"@type\":\"WebPage\",\"@id\":\"https:\\\/\\\/eoc.cat\\\/ca\\\/treballar-a-eoc\\\/\",\"url\":\"https:\\\/\\\/eoc.cat\\\/ca\\\/treballar-a-eoc\\\/\",\"name\":\"Envia el teu cv per a treballar a EOC | Escola d'Oficis Catalunya\",\"isPartOf\":{\"@id\":\"https:\\\/\\\/eoc.cat\\\/#website\"},\"datePublished\":\"2019-07-11T13:16:05+00:00\",\"dateModified\":\"2024-09-17T08:09:04+00:00\",\"description\":\"Envia el teu curr\u00edculum per a treballar a EOC Barcelona i Hospitalet. T'avisarem si hi hagu\u00e9s una vacant per al teu perfil.\",\"breadcrumb\":{\"@id\":\"https:\\\/\\\/eoc.cat\\\/ca\\\/treballar-a-eoc\\\/#breadcrumb\"},\"inLanguage\":\"ca\",\"potentialAction\":[{\"@type\":\"ReadAction\",\"target\":[\"https:\\\/\\\/eoc.cat\\\/ca\\\/treballar-a-eoc\\\/\"]}]},{\"@type\":\"BreadcrumbList\",\"@id\":\"https:\\\/\\\/eoc.cat\\\/ca\\\/treballar-a-eoc\\\/#breadcrumb\",\"itemListElement\":[{\"@type\":\"ListItem\",\"position\":1,\"name\":\"Portada\",\"item\":\"https:\\\/\\\/eoc.cat\\\/ca\\\/\"},{\"@type\":\"ListItem\",\"position\":2,\"name\":\"Treballar a EOC\"}]},{\"@type\":\"WebSite\",\"@id\":\"https:\\\/\\\/eoc.cat\\\/#website\",\"url\":\"https:\\\/\\\/eoc.cat\\\/\",\"name\":\"Escola d'Oficis Catalunya\",\"description\":\"Escuela de formaci\u00f3n profesional para adultos y j\u00f3venes\",\"publisher\":{\"@id\":\"https:\\\/\\\/eoc.cat\\\/#organization\"},\"alternateName\":\"EOC\",\"potentialAction\":[{\"@type\":\"SearchAction\",\"target\":{\"@type\":\"EntryPoint\",\"urlTemplate\":\"https:\\\/\\\/eoc.cat\\\/?s={search_term_string}\"},\"query-input\":{\"@type\":\"PropertyValueSpecification\",\"valueRequired\":true,\"valueName\":\"search_term_string\"}}],\"inLanguage\":\"ca\"},{\"@type\":\"Organization\",\"@id\":\"https:\\\/\\\/eoc.cat\\\/#organization\",\"name\":\"Escola d'Oficis Catalunya\",\"alternateName\":\"EOC\",\"url\":\"https:\\\/\\\/eoc.cat\\\/\",\"logo\":{\"@type\":\"ImageObject\",\"inLanguage\":\"ca\",\"@id\":\"https:\\\/\\\/eoc.cat\\\/#\\\/schema\\\/logo\\\/image\\\/\",\"url\":\"https:\\\/\\\/eoc.cat\\\/wp-content\\\/uploads\\\/2020\\\/12\\\/eoc-logotipo.png\",\"contentUrl\":\"https:\\\/\\\/eoc.cat\\\/wp-content\\\/uploads\\\/2020\\\/12\\\/eoc-logotipo.png\",\"width\":274,\"height\":118,\"caption\":\"Escola d'Oficis Catalunya\"},\"image\":{\"@id\":\"https:\\\/\\\/eoc.cat\\\/#\\\/schema\\\/logo\\\/image\\\/\"},\"sameAs\":[\"https:\\\/\\\/www.facebook.com\\\/EscoladOficisCatalunya\",\"https:\\\/\\\/x.com\\\/escoficat\",\"https:\\\/\\\/www.instagram.com\\\/escoladoficiscatalunya\\\/\",\"https:\\\/\\\/www.linkedin.com\\\/school\\\/escoladoficiscatalunya\\\/\",\"https:\\\/\\\/www.youtube.com\\\/channel\\\/UC_HLShkY7t1pf1CrXPw-gRQ\"]}]}<\/script>\n<!-- \/ Yoast SEO plugin. -->","yoast_head_json":{"title":"Envia el teu cv per a treballar a EOC | Escola d'Oficis Catalunya","description":"Envia el teu curr\u00edculum per a treballar a EOC Barcelona i Hospitalet. T'avisarem si hi hagu\u00e9s una vacant per al teu perfil.","robots":{"index":"index","follow":"follow","max-snippet":"max-snippet:-1","max-image-preview":"max-image-preview:large","max-video-preview":"max-video-preview:-1"},"canonical":"https:\/\/eoc.cat\/ca\/treballar-a-eoc\/","og_locale":"ca_ES","og_type":"article","og_title":"Envia el teu cv per a treballar a EOC | Escola d'Oficis Catalunya","og_description":"Envia el teu curr\u00edculum per a treballar a EOC Barcelona i Hospitalet. T'avisarem si hi hagu\u00e9s una vacant per al teu perfil.","og_url":"https:\/\/eoc.cat\/ca\/treballar-a-eoc\/","og_site_name":"Escola d&#039;Oficis Catalunya","article_publisher":"https:\/\/www.facebook.com\/EscoladOficisCatalunya","article_modified_time":"2024-09-17T08:09:04+00:00","og_image":[{"width":1200,"height":628,"url":"https:\/\/eoc.cat\/wp-content\/uploads\/2020\/12\/escuela-fp.jpg","type":"image\/jpeg"}],"twitter_card":"summary_large_image","twitter_title":"Envia el teu cv per a treballar a EOC | Escola d'Oficis Catalunya","twitter_description":"Envia el teu curr\u00edculum per a treballar a EOC Barcelona i Hospitalet. T'avisarem si hi hagu\u00e9s una vacant per al teu perfil.","twitter_site":"@escoficat","schema":{"@context":"https:\/\/schema.org","@graph":[{"@type":"WebPage","@id":"https:\/\/eoc.cat\/ca\/treballar-a-eoc\/","url":"https:\/\/eoc.cat\/ca\/treballar-a-eoc\/","name":"Envia el teu cv per a treballar a EOC | Escola d'Oficis Catalunya","isPartOf":{"@id":"https:\/\/eoc.cat\/#website"},"datePublished":"2019-07-11T13:16:05+00:00","dateModified":"2024-09-17T08:09:04+00:00","description":"Envia el teu curr\u00edculum per a treballar a EOC Barcelona i Hospitalet. T'avisarem si hi hagu\u00e9s una vacant per al teu perfil.","breadcrumb":{"@id":"https:\/\/eoc.cat\/ca\/treballar-a-eoc\/#breadcrumb"},"inLanguage":"ca","potentialAction":[{"@type":"ReadAction","target":["https:\/\/eoc.cat\/ca\/treballar-a-eoc\/"]}]},{"@type":"BreadcrumbList","@id":"https:\/\/eoc.cat\/ca\/treballar-a-eoc\/#breadcrumb","itemListElement":[{"@type":"ListItem","position":1,"name":"Portada","item":"https:\/\/eoc.cat\/ca\/"},{"@type":"ListItem","position":2,"name":"Treballar a EOC"}]},{"@type":"WebSite","@id":"https:\/\/eoc.cat\/#website","url":"https:\/\/eoc.cat\/","name":"Escola d'Oficis Catalunya","description":"Escuela de formaci\u00f3n profesional para adultos y j\u00f3venes","publisher":{"@id":"https:\/\/eoc.cat\/#organization"},"alternateName":"EOC","potentialAction":[{"@type":"SearchAction","target":{"@type":"EntryPoint","urlTemplate":"https:\/\/eoc.cat\/?s={search_term_string}"},"query-input":{"@type":"PropertyValueSpecification","valueRequired":true,"valueName":"search_term_string"}}],"inLanguage":"ca"},{"@type":"Organization","@id":"https:\/\/eoc.cat\/#organization","name":"Escola d'Oficis Catalunya","alternateName":"EOC","url":"https:\/\/eoc.cat\/","logo":{"@type":"ImageObject","inLanguage":"ca","@id":"https:\/\/eoc.cat\/#\/schema\/logo\/image\/","url":"https:\/\/eoc.cat\/wp-content\/uploads\/2020\/12\/eoc-logotipo.png","contentUrl":"https:\/\/eoc.cat\/wp-content\/uploads\/2020\/12\/eoc-logotipo.png","width":274,"height":118,"caption":"Escola d'Oficis Catalunya"},"image":{"@id":"https:\/\/eoc.cat\/#\/schema\/logo\/image\/"},"sameAs":["https:\/\/www.facebook.com\/EscoladOficisCatalunya","https:\/\/x.com\/escoficat","https:\/\/www.instagram.com\/escoladoficiscatalunya\/","https:\/\/www.linkedin.com\/school\/escoladoficiscatalunya\/","https:\/\/www.youtube.com\/channel\/UC_HLShkY7t1pf1CrXPw-gRQ"]}]}},"_links":{"self":[{"href":"https:\/\/eoc.cat\/ca\/wp-json\/wp\/v2\/pages\/6446","targetHints":{"allow":["GET"]}}],"collection":[{"href":"https:\/\/eoc.cat\/ca\/wp-json\/wp\/v2\/pages"}],"about":[{"href":"https:\/\/eoc.cat\/ca\/wp-json\/wp\/v2\/types\/page"}],"author":[{"embeddable":true,"href":"https:\/\/eoc.cat\/ca\/wp-json\/wp\/v2\/users\/6"}],"replies":[{"embeddable":true,"href":"https:\/\/eoc.cat\/ca\/wp-json\/wp\/v2\/comments?post=6446"}],"version-history":[{"count":13,"href":"https:\/\/eoc.cat\/ca\/wp-json\/wp\/v2\/pages\/6446\/revisions"}],"predecessor-version":[{"id":13629,"href":"https:\/\/eoc.cat\/ca\/wp-json\/wp\/v2\/pages\/6446\/revisions\/13629"}],"wp:attachment":[{"href":"https:\/\/eoc.cat\/ca\/wp-json\/wp\/v2\/media?parent=6446"}],"curies":[{"name":"wp","href":"https:\/\/api.w.org\/{rel}","templated":true}]}}